{"id":2,"date":"2020-04-07T00:01:49","date_gmt":"2020-04-06T21:01:49","guid":{"rendered":"http:\/\/tienaukaisijat.vapaakirkko.com\/?page_id=2"},"modified":"2023-10-28T00:48:02","modified_gmt":"2023-10-27T21:48:02","slug":"etusivu","status":"publish","type":"page","link":"https:\/\/tienaukaisijat.vapaakirkko.com\/","title":{"rendered":"Tienaukaisijat"},"content":{"rendered":"<h3>Rohkaiskaa toisianne!<\/h3>\n<p><img loading=\"lazy\" decoding=\"async\" class=\"alignright wp-image-865\" src=\"https:\/\/tienaukaisijat.vapaakirkko.com\/wp-content\/uploads\/Salme.jpg\" alt=\"\" width=\"150\" height=\"201\" srcset=\"https:\/\/tienaukaisijat.vapaakirkko.com\/wp-content\/uploads\/Salme.jpg 720w, https:\/\/tienaukaisijat.vapaakirkko.com\/wp-content\/uploads\/Salme-224x300.jpg 224w, https:\/\/tienaukaisijat.vapaakirkko.com\/wp-content\/uploads\/Salme-624x836.jpg 624w\" sizes=\"auto, (max-width: 150px) 100vw, 150px\" \/>Viime vuodet ovat olleet melko lailla mullistavia aikoja. Paljon on tapahtunut sellaisia asioita, joita ei olisi ajatellut t\u00e4\u00e4ll\u00e4 koto-Suomessa tai Euroopassa tapahtuvan. Turvallinen lintukotomme on muuttunut.<\/p>\n<p>Luukkaan evankeliumissa (Luuk.21) Jeesus puhuu opetuslapsille tulevista tapahtumista ja kehottaa heit\u00e4 varomaan, ettei heit\u00e4 eksytet\u00e4. H\u00e4n kertoo, ett\u00e4 tulee sotia ja levottomuuksia, tulee maanj\u00e4ristyksi\u00e4, n\u00e4l\u00e4nh\u00e4t\u00e4\u00e4 ja ruttoa. Kristittyj\u00e4 vied\u00e4\u00e4n oikeuden eteen ja heit\u00e4 vihataan. T\u00e4t\u00e4 kaikkea olemme saaneet nyt lyhyen ajan sis\u00e4ll\u00e4 n\u00e4hd\u00e4. Mutta meille Jeesukseen uskoville ne sis\u00e4lt\u00e4v\u00e4t my\u00f6s rohkaisevan sanoman, kuten samassa luvussa sanotaan: \u201d<em>Kun n\u00e4m\u00e4 alkavat tapahtua, rohkaiskaa mielenne ja nostakaa p\u00e4\u00e4nne, sill\u00e4 teid\u00e4n vapautuksenne on l\u00e4hell\u00e4.<\/em>\u201d<\/p>\n<p>Ps. 138:3 sanotaan: \u201d<em>Kun huusin sinua avuksi, sin\u00e4 vastasit minulle. Sin\u00e4 rohkaisit minua, ja minun sieluni sai voiman.<\/em>\u201d Jumala ei j\u00e4t\u00e4 kuulematta rukousta sen vuoksi, mit\u00e4 sin\u00e4 olet. Jumala kuulee rukoukset sen t\u00e4hden, ett\u00e4 h\u00e4n on rakkaudessaan valinnut tehd\u00e4 niin. Me saamme tuoda rukouksessa Herralle pelkomme ja ep\u00e4varmuutemme, ja h\u00e4n tuo rukouksiin j\u00e4rkkym\u00e4tt\u00f6m\u00e4n lupauksensa ja valtasuuruutensa.<\/p>\n<p>Kaikesta siit\u00e4 huolimatta, mit\u00e4 ymp\u00e4rill\u00e4mme t\u00e4n\u00e4\u00e4n n\u00e4emme, saamme olla luottavaisia. Jumala hallitsee kaikkia el\u00e4m\u00e4n olosuhteita ja me saamme uskossa vahvoina katsoa eteenp\u00e4in.<\/p>\n<p>Jumalan vastaus ei ole v\u00e4ltt\u00e4m\u00e4tt\u00e4 meid\u00e4n toiveidemme mukainen, mutta se on meid\u00e4n parhaaksemme, vaikka se ei aina ensin silt\u00e4 n\u00e4ytt\u00e4isik\u00e4\u00e4n. Sill\u00e4 Jumala n\u00e4kee meid\u00e4n koko el\u00e4m\u00e4nkaaremme. Me n\u00e4emme vain taaksep\u00e4in ja nykyhetkeen, Jumala huomioi my\u00f6s tulevat p\u00e4iv\u00e4t.<\/p>\n<p>Voidaan sanoa, ett\u00e4 meid\u00e4n pienuutemme ei v\u00e4henn\u00e4 Jumalan suuruutta eik\u00e4 pelkomme tee tyhj\u00e4ksi rukousta, koska rukous ei rakennu ep\u00e4varmalle inhimilliselle perustalle, vaan Jumalan nimeen ja lupaukseen. Herra ottaa pelokkaan, lohtua etsiv\u00e4n ihmisen ja n\u00e4ytt\u00e4\u00e4 h\u00e4nelle valtasuuruuteensa niiss\u00e4 arkisissa asioissa, jotka pient\u00e4 ihmist\u00e4 pelottavat. Se on suurin siunaus, mink\u00e4 ihminen voi t\u00e4ss\u00e4 ajassa kokea.<\/p>\n<p>Siunausta sinulle, ja jatketaan rukoillen eteenp\u00e4in.<br \/>\nTerveisin Salme Annala<\/p>\n","protected":false},"excerpt":{"rendered":"<p>Rohkaiskaa toisianne! Viime vuodet ovat olleet melko lailla mullistavia aikoja. Paljon on tapahtunut sellaisia asioita, joita ei olisi ajatellut t\u00e4\u00e4ll\u00e4 koto-Suomessa tai Euroopassa tapahtuvan. Turvallinen lintukotomme on muuttunut. Luukkaan evankeliumissa (Luuk.21) Jeesus puhuu opetuslapsille tulevista tapahtumista ja kehottaa heit\u00e4 varomaan, ettei heit\u00e4 eksytet\u00e4. H\u00e4n kertoo, ett\u00e4 tulee sotia ja levottomuuksia, tulee maanj\u00e4ristyksi\u00e4, n\u00e4l\u00e4nh\u00e4t\u00e4\u00e4 ja ruttoa. [&hellip;]<\/p>\n","protected":false},"author":1,"featured_media":0,"parent":0,"menu_order":0,"comment_status":"closed","ping_status":"closed","template":"","meta":{"jetpack_post_was_ever_published":false,"footnotes":""},"class_list":["post-2","page","type-page","status-publish","hentry"],"jetpack_sharing_enabled":true,"jetpack_shortlink":"https:\/\/wp.me\/P6MyHJ-2","_links":{"self":[{"href":"https:\/\/tienaukaisijat.vapaakirkko.com\/index.php?rest_route=\/wp\/v2\/pages\/2","targetHints":{"allow":["GET"]}}],"collection":[{"href":"https:\/\/tienaukaisijat.vapaakirkko.com\/index.php?rest_route=\/wp\/v2\/pages"}],"about":[{"href":"https:\/\/tienaukaisijat.vapaakirkko.com\/index.php?rest_route=\/wp\/v2\/types\/page"}],"author":[{"embeddable":true,"href":"https:\/\/tienaukaisijat.vapaakirkko.com\/index.php?rest_route=\/wp\/v2\/users\/1"}],"replies":[{"embeddable":true,"href":"https:\/\/tienaukaisijat.vapaakirkko.com\/index.php?rest_route=%2Fwp%2Fv2%2Fcomments&post=2"}],"version-history":[{"count":29,"href":"https:\/\/tienaukaisijat.vapaakirkko.com\/index.php?rest_route=\/wp\/v2\/pages\/2\/revisions"}],"predecessor-version":[{"id":866,"href":"https:\/\/tienaukaisijat.vapaakirkko.com\/index.php?rest_route=\/wp\/v2\/pages\/2\/revisions\/866"}],"wp:attachment":[{"href":"https:\/\/tienaukaisijat.vapaakirkko.com\/index.php?rest_route=%2Fwp%2Fv2%2Fmedia&parent=2"}],"curies":[{"name":"wp","href":"https:\/\/api.w.org\/{rel}","templated":true}]}}