{"id":22,"date":"2015-09-23T02:56:40","date_gmt":"2015-09-22T23:56:40","guid":{"rendered":"http:\/\/tienaukaisijat.vapaakirkko.com\/?page_id=22"},"modified":"2026-03-03T21:05:29","modified_gmt":"2026-03-03T19:05:29","slug":"tapahtumat","status":"publish","type":"page","link":"https:\/\/tienaukaisijat.vapaakirkko.com\/?page_id=22","title":{"rendered":"Tapahtumat"},"content":{"rendered":"<p>Kaikista tapahtumista tulee sivuillemme lis\u00e4tietoja tapahtuman l\u00e4hestyess\u00e4.<\/p>\n<hr \/>\n<p><strong>Raamattu- ja rukousp\u00e4iv\u00e4t 13.-15.3.2026<br \/>\nTurvallisesti tulevaan<\/strong><br \/>\nKiponniemess\u00e4<br \/>\nPuhujina Minna ja Veli-Pekka Joki-Erkkil\u00e4<br \/>\nMukana my\u00f6s hallituksen j\u00e4senet<br \/>\nOhjelma l\u00f6ytyy t\u00e4\u00e4lt\u00e4: <a href=\"https:\/\/tienaukaisijat.vapaakirkko.com\/wp-content\/uploads\/RRpaivat2026.pdf\" target=\"_blank\" rel=\"noopener\">Klik!<\/a><\/p>\n<hr \/>\n<p><strong>17.5.2026<br \/>\nVuosikokous klo 13.00<br \/>\nJuhlakokous klo 15.00<\/strong><br \/>\nTienaukaisijat ry:n virallinen vuosikokous ja sen j\u00e4lkeen kaikille avoin juhlakokous Suolahden vapaaseurakunnassa, Katvelankatu 16, Suolahti<\/p>\n<hr \/>\n<p><strong>Valtakunnalliset Naistenp\u00e4iv\u00e4t 18.-20.9.2026<\/strong><br \/>\nKiponniemess\u00e4<br \/>\n&#8220;Nostan katseeni Jeesukseen&#8221;<br \/>\nPuhujana pe-la Maarit Eronen, mukana Tienaukaisijoiden hallitus<\/p>\n<hr \/>\n<p><strong>10.10.2026 Naisten iltap\u00e4iv\u00e4<\/strong><br \/>\n<strong> 11.10.2026 Sana &amp; S\u00e4vel<\/strong><\/p>\n<p>Mikkelin vapaaseurakunnassa<br \/>\nSavilahdenkatu 26 Mikkeli<br \/>\nMukana Tienaukaisijat ry:n hallitus<\/p>\n<hr \/>\n<p><strong>Vuoden 2027 tapahtumia<\/strong><\/p>\n<p>12-14.3.2027 Raamattu- ja rukousp\u00e4iv\u00e4t Kiponniemess\u00e4<br \/>\nPuhujana Pasi Turunen<\/p>\n<p>23.5.2027 Tienaukaisijoiden virallinen vuosikokous ja juhlakokous<br \/>\nAlaj\u00e4rven vapaaseurakunnassa, Hoiskontie 4, Alaj\u00e4rvi<\/p>\n<p>17-19.9.2027 Naistenp\u00e4iv\u00e4t Kiponniemess\u00e4<\/p>\n<hr \/>\n<p>Tervetuloa runsain joukoin mukaan. Tilaisuudet ovat avoimia kaikille ik\u00e4\u00e4n, seurakuntaan tai sukupuoleen katsomatta, ainoana poikkeuksena naistenp\u00e4iv\u00e4t.<\/p>\n<p>Sitovat ilmoittautumiset Kiponniemen toimintakeskukseen.<br \/>\nKiponniementie 84<br \/>\n41940 VESANKA<br \/>\npuh. 040 772 2844 tai 010 328 8041<br \/>\nkiponniemi@svk.fi<\/p>\n<p>Hinnat (omin liinavaattein):<br \/>\n1 h huone 175 \u20ac + kurssimaksu\/ henkil\u00f6<br \/>\n2 h huone 150 \u20ac + kurssimaksu\/ henkil\u00f6<br \/>\n3 h huone 140 \u20ac + kurssimaksu\/ henkil\u00f6<\/p>\n<p>Kurssimaksu p\u00e4ivilt\u00e4 15 eur\/hl\u00f6<\/p>\n<table>\n<tbody>\n<tr>\n<td>Tervetuloa Kiponniemeen Tienaukaisijat ry:n j\u00e4rjest\u00e4mille p\u00e4iville, sek\u00e4 naiset ett\u00e4 miehet!<br \/>\n<strong>Ilmoittautumiset:<\/strong><br \/>\nKiponniemen Toimintakeskus<br \/>\nPuh. 040 772 2844 tai 010 328 8041<br \/>\nToimisto auki: ma &#8211; pe klo 10 &#8211; 15<br \/>\nEmail: kiponniemi@svk.fi<br \/>\nKiponniemen www-sivut: <a title=\"http:\/\/www.kiponniemi.fi\/\" href=\"http:\/\/www.kiponniemi.fi\/\" target=\"_blank\" rel=\"noopener noreferrer\">Kiponniemi<\/a><\/td>\n<\/tr>\n<\/tbody>\n<\/table>\n","protected":false},"excerpt":{"rendered":"<p>Kaikista tapahtumista tulee sivuillemme lis\u00e4tietoja tapahtuman l\u00e4hestyess\u00e4. Raamattu- ja rukousp\u00e4iv\u00e4t 13.-15.3.2026 Turvallisesti tulevaan Kiponniemess\u00e4 Puhujina Minna ja Veli-Pekka Joki-Erkkil\u00e4 Mukana my\u00f6s hallituksen j\u00e4senet Ohjelma l\u00f6ytyy t\u00e4\u00e4lt\u00e4: Klik! 17.5.2026 Vuosikokous klo 13.00 Juhlakokous klo 15.00 Tienaukaisijat ry:n virallinen vuosikokous ja sen j\u00e4lkeen kaikille avoin juhlakokous Suolahden vapaaseurakunnassa, Katvelankatu 16, Suolahti Valtakunnalliset Naistenp\u00e4iv\u00e4t 18.-20.9.2026 Kiponniemess\u00e4 &#8220;Nostan katseeni [&hellip;]<\/p>\n","protected":false},"author":1,"featured_media":0,"parent":0,"menu_order":1,"comment_status":"closed","ping_status":"closed","template":"","meta":{"footnotes":""},"class_list":["post-22","page","type-page","status-publish","hentry"],"jetpack_sharing_enabled":true,"jetpack_shortlink":"https:\/\/wp.me\/P6MyHJ-m","_links":{"self":[{"href":"https:\/\/tienaukaisijat.vapaakirkko.com\/index.php?rest_route=\/wp\/v2\/pages\/22","targetHints":{"allow":["GET"]}}],"collection":[{"href":"https:\/\/tienaukaisijat.vapaakirkko.com\/index.php?rest_route=\/wp\/v2\/pages"}],"about":[{"href":"https:\/\/tienaukaisijat.vapaakirkko.com\/index.php?rest_route=\/wp\/v2\/types\/page"}],"author":[{"embeddable":true,"href":"https:\/\/tienaukaisijat.vapaakirkko.com\/index.php?rest_route=\/wp\/v2\/users\/1"}],"replies":[{"embeddable":true,"href":"https:\/\/tienaukaisijat.vapaakirkko.com\/index.php?rest_route=%2Fwp%2Fv2%2Fcomments&post=22"}],"version-history":[{"count":75,"href":"https:\/\/tienaukaisijat.vapaakirkko.com\/index.php?rest_route=\/wp\/v2\/pages\/22\/revisions"}],"predecessor-version":[{"id":1033,"href":"https:\/\/tienaukaisijat.vapaakirkko.com\/index.php?rest_route=\/wp\/v2\/pages\/22\/revisions\/1033"}],"wp:attachment":[{"href":"https:\/\/tienaukaisijat.vapaakirkko.com\/index.php?rest_route=%2Fwp%2Fv2%2Fmedia&parent=22"}],"curies":[{"name":"wp","href":"https:\/\/api.w.org\/{rel}","templated":true}]}}