{"id":34,"date":"2015-09-23T03:27:38","date_gmt":"2015-09-23T00:27:38","guid":{"rendered":"http:\/\/tienaukaisijat.vapaakirkko.com\/?page_id=34"},"modified":"2023-10-28T00:20:11","modified_gmt":"2023-10-27T21:20:11","slug":"yhteystiedot","status":"publish","type":"page","link":"https:\/\/tienaukaisijat.vapaakirkko.com\/?page_id=34","title":{"rendered":"Yhteystiedot"},"content":{"rendered":"<p><strong>Hallitus<\/strong><\/p>\n<p>Puheenjohtaja ja j\u00e4senrekisterinhoitaja Salme Annala<br \/>\nPuh. 0400 997020<br \/>\nEmail: salme28an (miuku) gmail.com<\/p>\n<p>Varapuheenjohtaja Heli Annala<br \/>\nPuh. 050 3775909<br \/>\nEmail: heli_annala (miuku) hotmail.com<\/p>\n<p>Helena Penttil\u00e4<br \/>\nPuh. 050 5586040<br \/>\nEmail: helena.annikki.penttila (miuku) gmail.com<\/p>\n<p>Sari Matikainen, tiedotus<br \/>\nPuh. 050 5348078<br \/>\nEmail: sari_matikainen (miuku) hotmail.com<\/p>\n<p>Tarja Huuskonen, sihteeri<br \/>\nPuh. 0400 919295<br \/>\nEmail: tarja.huuskonen (miuku) hotmail.com<\/p>\n<p><strong>Varaj\u00e4senet:<\/strong><\/p>\n<p>P\u00e4ivi Vettenniemi<br \/>\nPuh. 040 0252666<br \/>\nEmail: paivi.vettenniemi (miuku) gmail.com<\/p>\n<p>Hellevi Ampuja<br \/>\nPuh. 050 309 2520<br \/>\nhellevi.ampuja (miuku) gmail.com<\/p>\n<p><strong>Rahastonhoitaja:<\/strong><br \/>\nTuija J\u00e4ntti<br \/>\nPuh. 040 5594297<br \/>\nEmail: tuija.jantti (miuku) svk.fi<\/p>\n<p><strong>Kotisivujen yll\u00e4pito:<\/strong><br \/>\nEija Granfelt<br \/>\nEmail: wwwtienaukaisijat (miuku) gmail.com<\/p>\n<p>Huom! Poista s\u00e4hk\u00f6postiosoitteista v\u00e4lily\u00f6nnit ja korvaa (miuku) merkill\u00e4 @<\/p>\n<p><strong>J\u00e4senmaksut:<\/strong><br \/>\nVuosij\u00e4sen 20 \u20ac<br \/>\nAinaisj\u00e4sen 100\u20ac<\/p>\n<p><strong>J\u00e4senrekisterin asiat ja tiedustelut:<\/strong><br \/>\nSalme Annala<br \/>\nPuh. 0400 997020<br \/>\nEmail: salme28an (miuku) gmail.com<\/p>\n<p><strong>Yhdistyksen tilinumero<\/strong><br \/>\nFI34 5271 0420 4521 39<br \/>\nViitteet:<br \/>\nJ\u00e4senmaksut \/ viite 50005<br \/>\nL\u00e4hetys \/ viite 50047<br \/>\nKotimaanty\u00f6 \/ viite 50021<br \/>\nSari Matikainen \/ viite 30009<\/p>\n","protected":false},"excerpt":{"rendered":"<p>Hallitus Puheenjohtaja ja j\u00e4senrekisterinhoitaja Salme Annala Puh. 0400 997020 Email: salme28an (miuku) gmail.com Varapuheenjohtaja Heli Annala Puh. 050 3775909 Email: heli_annala (miuku) hotmail.com Helena Penttil\u00e4 Puh. 050 5586040 Email: helena.annikki.penttila (miuku) gmail.com Sari Matikainen, tiedotus Puh. 050 5348078 Email: sari_matikainen (miuku) hotmail.com Tarja Huuskonen, sihteeri Puh. 0400 919295 Email: tarja.huuskonen (miuku) hotmail.com Varaj\u00e4senet: P\u00e4ivi Vettenniemi [&hellip;]<\/p>\n","protected":false},"author":1,"featured_media":0,"parent":0,"menu_order":3,"comment_status":"closed","ping_status":"closed","template":"","meta":{"jetpack_post_was_ever_published":false,"footnotes":""},"class_list":["post-34","page","type-page","status-publish","hentry"],"jetpack_sharing_enabled":true,"jetpack_shortlink":"https:\/\/wp.me\/P6MyHJ-y","_links":{"self":[{"href":"https:\/\/tienaukaisijat.vapaakirkko.com\/index.php?rest_route=\/wp\/v2\/pages\/34","targetHints":{"allow":["GET"]}}],"collection":[{"href":"https:\/\/tienaukaisijat.vapaakirkko.com\/index.php?rest_route=\/wp\/v2\/pages"}],"about":[{"href":"https:\/\/tienaukaisijat.vapaakirkko.com\/index.php?rest_route=\/wp\/v2\/types\/page"}],"author":[{"embeddable":true,"href":"https:\/\/tienaukaisijat.vapaakirkko.com\/index.php?rest_route=\/wp\/v2\/users\/1"}],"replies":[{"embeddable":true,"href":"https:\/\/tienaukaisijat.vapaakirkko.com\/index.php?rest_route=%2Fwp%2Fv2%2Fcomments&post=34"}],"version-history":[{"count":17,"href":"https:\/\/tienaukaisijat.vapaakirkko.com\/index.php?rest_route=\/wp\/v2\/pages\/34\/revisions"}],"predecessor-version":[{"id":862,"href":"https:\/\/tienaukaisijat.vapaakirkko.com\/index.php?rest_route=\/wp\/v2\/pages\/34\/revisions\/862"}],"wp:attachment":[{"href":"https:\/\/tienaukaisijat.vapaakirkko.com\/index.php?rest_route=%2Fwp%2Fv2%2Fmedia&parent=34"}],"curies":[{"name":"wp","href":"https:\/\/api.w.org\/{rel}","templated":true}]}}