{"id":382,"date":"2019-05-18T00:21:42","date_gmt":"2019-05-17T21:21:42","guid":{"rendered":"http:\/\/tienaukaisijat.vapaakirkko.com\/?page_id=382"},"modified":"2019-05-18T00:21:42","modified_gmt":"2019-05-17T21:21:42","slug":"evankelista-tarja-huuskonen","status":"publish","type":"page","link":"https:\/\/tienaukaisijat.vapaakirkko.com\/?page_id=382","title":{"rendered":"Evankelista Tarja Huuskonen"},"content":{"rendered":"<p>Rauhantervehdys!<a href=\"https:\/\/tienaukaisijat.vapaakirkko.com\/wp-content\/uploads\/TarjaHuuskonen.jpg\"><img loading=\"lazy\" decoding=\"async\" class=\"size-medium wp-image-383 alignright\" src=\"https:\/\/tienaukaisijat.vapaakirkko.com\/wp-content\/uploads\/TarjaHuuskonen-178x300.jpg\" alt=\"Tarja Huuskonen\" width=\"178\" height=\"300\" srcset=\"https:\/\/tienaukaisijat.vapaakirkko.com\/wp-content\/uploads\/TarjaHuuskonen-178x300.jpg 178w, https:\/\/tienaukaisijat.vapaakirkko.com\/wp-content\/uploads\/TarjaHuuskonen.jpg 539w\" sizes=\"auto, (max-width: 178px) 100vw, 178px\" \/><\/a><\/p>\n<p>Nimeni on Tarja Huuskonen. Asun Keski-Suomessa Konnevedell\u00e4. Olen ilolla saanut tulla ty\u00f6yhteyteen Tienaukaisijat ry:hyn. T\u00e4ll\u00e4 hetkell\u00e4 asun mieheni ja lapinporokoira Peikon kanssa, sill\u00e4 kaksi poikaamme ovat aikuistuneet ja muuttaneet pois kotoa. Vuonna 2018 minusta tuli kaksosten mummo, mik\u00e4 on ollut suuri ilon aihe.<\/p>\n<p>Tulin uskoon 1987 pelkojen keskelt\u00e4. Suurin pelkoni oli kuolema. Ajattelin, ett\u00e4 joudun pelk\u00e4\u00e4m\u00e4\u00e4n kuolemaa niin kauan, kunnes sitten kohtaan sen. Mutta Herra oli suunnitellut toisin. Noin pari vuotta uskoontuloni j\u00e4lkeen Herra vapautti minut kuoleman pelosta. Samoihin aikoihin syd\u00e4meni alkoi haluta Herran ty\u00f6h\u00f6n. Niinp\u00e4 yhten\u00e4 uutena vuotena Kuopion vapaaseurakunnassa menin alttarille pyyt\u00e4m\u00e4\u00e4n Herralta &#8220;p\u00e4\u00e4sy\u00e4 H\u00e4nen ty\u00f6h\u00f6ns\u00e4&#8221;. En ymm\u00e4rt\u00e4nyt, ett\u00e4 Herra on kutsunut meid\u00e4t kaikki papeikseen viem\u00e4\u00e4n toisille ilosanomaa ilman ty\u00f6h\u00f6n ilmoittautumista. Mutta silloin uskon saaneeni kutsun evankelistaksi. Ensin toivoin sen olevan &#8220;laulava&#8221; evankelista, mutta vuosien saatossa halu on pelkistynyt. Nyt t\u00e4rke\u00e4mp\u00e4n\u00e4<br \/>\nteht\u00e4v\u00e4n\u00e4 n\u00e4en evankeliumin julistamisen. Toki musiikki kuuluu kuvaan kiinte\u00e4sti. Laulan ja s\u00e4est\u00e4n itse\u00e4ni kitaralla.<\/p>\n<p>Olen oppimaton maallikko ja puheeni on mahdollisimman selke\u00e4\u00e4 ja yksinkertaista, ett\u00e4 jokaisen olisi mahdollista ymm\u00e4rt\u00e4\u00e4 Jeesuksen t\u00e4rkeys ja suuruus. Vuodesta 1992 olen kiert\u00e4nyt l\u00e4hiseurakunnissa laulamassa ja todistamassa, ensin yhdess\u00e4 naapurikunnan seurakunnan puheenjohtajan kanssa ja my\u00f6hemmin yksin, h\u00e4nen p\u00e4\u00e4sty\u00e4 voittajana taivaankotiin.<\/p>\n<p>Vuonna 2005 sain Konneveden vapaaseurakunnalta suosituskirjan ja matkani jatkuu. Herran johdattaessa minut Tienaukaisijat ry:n ty\u00f6yhteyteen, moni uusi ovi on avautunut ja kiit\u00e4n siit\u00e4. Viikot olen maallisessa ty\u00f6ss\u00e4 ja viikonloppuisin teen Jumalanvaltakunnan ty\u00f6t\u00e4. Menen sinne, minne Herra milloinkin johtaa.<\/p>\n<p>Olen saanut totisesti n\u00e4hd\u00e4, ett\u00e4 Herra on uskollinen ja armollinen meit\u00e4 kohtaan.<\/p>\n<p>Herra teit\u00e4 kaikkia runsaasti siunatkoon ja ehk\u00e4 viel\u00e4 n\u00e4emme jossain.<\/p>\n<p>Tarja Huuskonen<\/p>\n","protected":false},"excerpt":{"rendered":"<p>Rauhantervehdys! Nimeni on Tarja Huuskonen. Asun Keski-Suomessa Konnevedell\u00e4. Olen ilolla saanut tulla ty\u00f6yhteyteen Tienaukaisijat ry:hyn. T\u00e4ll\u00e4 hetkell\u00e4 asun mieheni ja lapinporokoira Peikon kanssa, sill\u00e4 kaksi poikaamme ovat aikuistuneet ja muuttaneet pois kotoa. Vuonna 2018 minusta tuli kaksosten mummo, mik\u00e4 on ollut suuri ilon aihe. Tulin uskoon 1987 pelkojen keskelt\u00e4. Suurin pelkoni oli kuolema. Ajattelin, ett\u00e4 [&hellip;]<\/p>\n","protected":false},"author":1,"featured_media":0,"parent":372,"menu_order":0,"comment_status":"closed","ping_status":"closed","template":"","meta":{"footnotes":""},"class_list":["post-382","page","type-page","status-publish","hentry"],"jetpack_sharing_enabled":true,"jetpack_shortlink":"https:\/\/wp.me\/P6MyHJ-6a","_links":{"self":[{"href":"https:\/\/tienaukaisijat.vapaakirkko.com\/index.php?rest_route=\/wp\/v2\/pages\/382","targetHints":{"allow":["GET"]}}],"collection":[{"href":"https:\/\/tienaukaisijat.vapaakirkko.com\/index.php?rest_route=\/wp\/v2\/pages"}],"about":[{"href":"https:\/\/tienaukaisijat.vapaakirkko.com\/index.php?rest_route=\/wp\/v2\/types\/page"}],"author":[{"embeddable":true,"href":"https:\/\/tienaukaisijat.vapaakirkko.com\/index.php?rest_route=\/wp\/v2\/users\/1"}],"replies":[{"embeddable":true,"href":"https:\/\/tienaukaisijat.vapaakirkko.com\/index.php?rest_route=%2Fwp%2Fv2%2Fcomments&post=382"}],"version-history":[{"count":1,"href":"https:\/\/tienaukaisijat.vapaakirkko.com\/index.php?rest_route=\/wp\/v2\/pages\/382\/revisions"}],"predecessor-version":[{"id":384,"href":"https:\/\/tienaukaisijat.vapaakirkko.com\/index.php?rest_route=\/wp\/v2\/pages\/382\/revisions\/384"}],"up":[{"embeddable":true,"href":"https:\/\/tienaukaisijat.vapaakirkko.com\/index.php?rest_route=\/wp\/v2\/pages\/372"}],"wp:attachment":[{"href":"https:\/\/tienaukaisijat.vapaakirkko.com\/index.php?rest_route=%2Fwp%2Fv2%2Fmedia&parent=382"}],"curies":[{"name":"wp","href":"https:\/\/api.w.org\/{rel}","templated":true}]}}