{"id":506,"date":"2020-04-07T00:02:37","date_gmt":"2020-04-06T21:02:37","guid":{"rendered":"http:\/\/tienaukaisijat.vapaakirkko.com\/?page_id=506"},"modified":"2023-04-27T14:56:37","modified_gmt":"2023-04-27T11:56:37","slug":"toimintakertomus-2019","status":"publish","type":"page","link":"https:\/\/tienaukaisijat.vapaakirkko.com\/?page_id=506","title":{"rendered":"Toimintakertomus 2022"},"content":{"rendered":"<p><strong>TIENAUKAISIJAT RY<\/strong> (ent. Naisl\u00e4hetysliitto)<\/p>\n<p><strong>TOIMINTAKERTOMUS VUODELTA 2022<\/strong><\/p>\n<p>Vuosi 2022 oli toimintamme osalta hieman parempi kuin edellinen vuosi, sill\u00e4 koko maailmaa hallinneen korona pandemian tilanne alkoi hieman hellitt\u00e4m\u00e4\u00e4n ja kokousrajoituksia maassamme p\u00e4\u00e4stiin purkamaan.<\/p>\n<p>Maaliskuun Raamattu- ja rukousp\u00e4iv\u00e4t pidettiin Kiponniemess\u00e4 ja niiden p\u00e4\u00e4puhujana oli Pekka Sartola, teemana h\u00e4nell\u00e4 oli \u201dAjan merkit\u201d. Saimme kuulla laajan kattauksen siit\u00e4, mik\u00e4 oli L\u00e4hi-id\u00e4n tilanne tuohon aikaan.<\/p>\n<p>Syksyn Naistenp\u00e4ivill\u00e4 Kiponniemess\u00e4 oli p\u00e4\u00e4puhujana raamatunopettaja Riitta Keskim\u00e4ki. Teemana Riitalla oli \u201dHerra nostaa minun p\u00e4\u00e4ni\u201d. Riitta kertoi meille Raamatun naisista ja naisen asemasta Raamatun ajoista aina t\u00e4h\u00e4n p\u00e4iv\u00e4\u00e4n saakka.<\/p>\n<p>Virallinen vuosikokous ja lis\u00e4ksi my\u00f6s juhlakokous j\u00e4rjestettiin toukokuussa Lammin Vapaaseurakunnassa. Aiemmin lokakuulla pidettyjen Raamattu- ja rukousp\u00e4ivien sijaan teimme vierailun Kajaanin Vapaaseurakuntaan, halusimme n\u00e4in tukea heid\u00e4n pient\u00e4 seurakuntaansa.<\/p>\n<p>Kuluneena vuonna olemme tukeneet evankelista Sari Matikaisen ty\u00f6t\u00e4 sek\u00e4 evankelista Tarja Huuskosen opintoja Teologisessa opistossa. Lokakuusta alkaen Sari Matikainen aloitti yhdistyksemme lis\u00e4ksi ty\u00f6skentelyn Marttyyrien \u00c4\u00e4ness\u00e4 kentt\u00e4ty\u00f6ntekij\u00e4n\u00e4. Kannatimme edelleen kolmea Perulaista kummilasta, joiden koulunk\u00e4ynti\u00e4 tuemme Kehitysmaiden lasten koulutustuki ry:n kautta. Lis\u00e4ksi tuemme kolmea lasta Himalajan vapaakirkon kautta. Kummilapsien kannatukseen tarvittavat varat on ker\u00e4tty myym\u00e4ll\u00e4 Tienaukaisijoiden nimell\u00e4 varustettuja kosketusn\u00e4ytt\u00f6-kuulakyni\u00e4 ja minikokoisia taskulamppuja. SVK Mission kautta oleva L\u00e4hi-Id\u00e4n l\u00e4hettimme oli koko vuoden kotimaassa, joten h\u00e4nen kannatuksensa oli edelleen tauolla.<\/p>\n<p>Hallitus on kokoontunut vuosikokouksen lis\u00e4ksi vuoden aikana nelj\u00e4 kertaa. Hallitus on ollut aktiivisesti mukana kaikkien kurssien tapahtumissa sek\u00e4 j\u00e4rjestely- ett\u00e4 puhuja vastuissa. Olemme kiitollisia jokaisesta kirkkokuntamme ja kirkkokunnan ulkopuolisesta ty\u00f6ntekij\u00e4st\u00e4, jotka ovat olleet tapahtumissamme puhujina kuluneen vuoden aikana. Kiit\u00e4mme my\u00f6s jokaista tapahtumiimme osallistujaa. Hienoa on ollut todeta, ett\u00e4 osallistujissa on ollut my\u00f6s uusia tulokkaita ja osallistujien ik\u00e4jakauma on my\u00f6s hieman nuorentunut. Hallituksen rukouksena on, ett\u00e4 l\u00f6yt\u00e4isimme Jumalan suunnitelman Tienaukaisijoiden toimintaan.<\/p>\n<p>Tienaukaisijat ry:n hallituksen j\u00e4senin\u00e4 toimivat seuraavat henkil\u00f6t:<\/p>\n<p>Salme Annala, puheenjohtaja ja j\u00e4senrekisterin yll\u00e4pit\u00e4j\u00e4<br \/>\nHeli Annala, varapuheenjohtaja<br \/>\nTarja Huuskonen, sihteeri<br \/>\nHelena Penttil\u00e4<br \/>\nSari Matikainen, tiedotus<br \/>\nSinikka Laine, varaj\u00e4sen<br \/>\nHellevi Ampuja, varaj\u00e4sen<br \/>\nTienaukaisjat ry:n toimihenkil\u00f6t:<br \/>\nTuija J\u00e4ntti, rahastonhoitaja\/maksuliikenne<br \/>\nEija Granfelt, kotisivujen yll\u00e4pito<br \/>\nMarjatta Kariniemi, toiminnantarkastaja<br \/>\nMarjatta Vaismaa, varatoiminnantarkastaja<br \/>\nTienaukaisijat ry:n kirjanpidon hoitaa SVK-palvelu Oy<\/p>\n","protected":false},"excerpt":{"rendered":"<p>TIENAUKAISIJAT RY (ent. Naisl\u00e4hetysliitto) TOIMINTAKERTOMUS VUODELTA 2022 Vuosi 2022 oli toimintamme osalta hieman parempi kuin edellinen vuosi, sill\u00e4 koko maailmaa hallinneen korona pandemian tilanne alkoi hieman hellitt\u00e4m\u00e4\u00e4n ja kokousrajoituksia maassamme p\u00e4\u00e4stiin purkamaan. Maaliskuun Raamattu- ja rukousp\u00e4iv\u00e4t pidettiin Kiponniemess\u00e4 ja niiden p\u00e4\u00e4puhujana oli Pekka Sartola, teemana h\u00e4nell\u00e4 oli \u201dAjan merkit\u201d. Saimme kuulla laajan kattauksen siit\u00e4, mik\u00e4 [&hellip;]<\/p>\n","protected":false},"author":1,"featured_media":0,"parent":55,"menu_order":0,"comment_status":"closed","ping_status":"closed","template":"","meta":{"jetpack_post_was_ever_published":false,"footnotes":""},"class_list":["post-506","page","type-page","status-publish","hentry"],"jetpack_sharing_enabled":true,"jetpack_shortlink":"https:\/\/wp.me\/P6MyHJ-8a","_links":{"self":[{"href":"https:\/\/tienaukaisijat.vapaakirkko.com\/index.php?rest_route=\/wp\/v2\/pages\/506","targetHints":{"allow":["GET"]}}],"collection":[{"href":"https:\/\/tienaukaisijat.vapaakirkko.com\/index.php?rest_route=\/wp\/v2\/pages"}],"about":[{"href":"https:\/\/tienaukaisijat.vapaakirkko.com\/index.php?rest_route=\/wp\/v2\/types\/page"}],"author":[{"embeddable":true,"href":"https:\/\/tienaukaisijat.vapaakirkko.com\/index.php?rest_route=\/wp\/v2\/users\/1"}],"replies":[{"embeddable":true,"href":"https:\/\/tienaukaisijat.vapaakirkko.com\/index.php?rest_route=%2Fwp%2Fv2%2Fcomments&post=506"}],"version-history":[{"count":4,"href":"https:\/\/tienaukaisijat.vapaakirkko.com\/index.php?rest_route=\/wp\/v2\/pages\/506\/revisions"}],"predecessor-version":[{"id":816,"href":"https:\/\/tienaukaisijat.vapaakirkko.com\/index.php?rest_route=\/wp\/v2\/pages\/506\/revisions\/816"}],"up":[{"embeddable":true,"href":"https:\/\/tienaukaisijat.vapaakirkko.com\/index.php?rest_route=\/wp\/v2\/pages\/55"}],"wp:attachment":[{"href":"https:\/\/tienaukaisijat.vapaakirkko.com\/index.php?rest_route=%2Fwp%2Fv2%2Fmedia&parent=506"}],"curies":[{"name":"wp","href":"https:\/\/api.w.org\/{rel}","templated":true}]}}