{"id":55,"date":"2015-09-24T19:01:32","date_gmt":"2015-09-24T16:01:32","guid":{"rendered":"http:\/\/tienaukaisijat.vapaakirkko.com\/?page_id=55"},"modified":"2015-10-24T09:39:15","modified_gmt":"2015-10-24T06:39:15","slug":"saannot","status":"publish","type":"page","link":"https:\/\/tienaukaisijat.vapaakirkko.com\/?page_id=55","title":{"rendered":"S\u00e4\u00e4nn\u00f6t"},"content":{"rendered":"<h3>Tienaukaisijat ry:n s\u00e4\u00e4nn\u00f6t<\/h3>\n<p><strong>Tunnus:<\/strong><br \/>\n<strong> \u201dKristuksen rakkaus vaatii meit\u00e4\u201d 2.Kor. 5:14<\/strong><\/p>\n<h4>1. Yhdistyksen nimi ja kotipaikka<\/h4>\n<p>Yhdistyksen nimi on Tienaukaisijat ry. ja sen kotipaikka on Jyv\u00e4skyl\u00e4n kaupunki.<\/p>\n<h4>2. Tarkoitus ja toiminnan laatu<\/h4>\n<p>Yhdistyksen tarkoituksena on tukea kotimaassa ja l\u00e4hetyskentill\u00e4 olevia ty\u00f6ntekij\u00f6it\u00e4, jotka toimivat Suomen Vapaakirkon tunnustuksen mukaisesti.<\/p>\n<p>Tarkoituksensa toteuttamiseksi yhdistys j\u00e4rjest\u00e4\u00e4 kursseja ja opetustilaisuuksia.<\/p>\n<p>Toimintansa tukemiseksi yhdistys voi ottaa vastaan lahjoituksia ja testamentteja, perustaa ja kartuttaa rahastoja sek\u00e4 toimeenpanna rahanker\u00e4yksi\u00e4. Toimintaansa varten liitto hankkii tarvittaessa asianomaisen luvan.<\/p>\n<h4>3. J\u00e4senet<\/h4>\n<p>Yhdistyksen j\u00e4seneksi voi liitty\u00e4 jokainen nainen ja mies, joka hyv\u00e4ksyy yhdistyksen tarkoituksen ja s\u00e4\u00e4nn\u00f6t. J\u00e4senet hyv\u00e4ksyy yhdistyksen hallitus. Yhdistys voi hallituksen esityksest\u00e4 kutsua kunniaj\u00e4senekseen henkil\u00f6n, joka on erikoisesti ansioitunut sen ty\u00f6ss\u00e4.<\/p>\n<h4>4. J\u00e4senen eroaminen ja erottaminen<\/h4>\n<p>J\u00e4senell\u00e4 on oikeus erota yhdistyksest\u00e4 ilmoittamalla siit\u00e4 kirjallisesti hallitukselle tai sen puheenjohtajalle taikka ilmoittamalla erosta yhdistyksen kokouksessa merkitt\u00e4v\u00e4ksi p\u00f6yt\u00e4kirjaan. Hallitus voi erottaa j\u00e4senen yhdistyksest\u00e4, jos j\u00e4sen on j\u00e4tt\u00e4nyt er\u00e4\u00e4ntyneen j\u00e4senmaksunsa maksamatta eik\u00e4 ole kirjallisen huomautuksen saatuaankaan sit\u00e4 suorittanut tai h\u00e4n on menettelyll\u00e4\u00e4n yhdistyksess\u00e4 tai sen ulkopuolella huomattavasti vahingoittanut yhdistyst\u00e4 tai ei en\u00e4\u00e4 t\u00e4yt\u00e4 laissa taikka yhdistyksen s\u00e4\u00e4nn\u00f6iss\u00e4 mainittuja j\u00e4senyyden ehtoja.<\/p>\n<h4>5. J\u00e4senmaksu<\/h4>\n<p>J\u00e4senilt\u00e4 peritt\u00e4v\u00e4n vuotuisen j\u00e4senmaksun suuruudesta p\u00e4\u00e4tt\u00e4\u00e4 vuosikokous. Kunniaj\u00e4senilt\u00e4 ei perit\u00e4 j\u00e4senmaksua.<\/p>\n<h4>6. Hallitus<\/h4>\n<p>Yhdistyksen asioita hoitaa hallitus, johon kuuluu vuosikokouksessa valitut puheenjohtaja ja 4 muuta varsinaista j\u00e4sent\u00e4 sek\u00e4 2 varaj\u00e4sent\u00e4. Hallituksen varsinaiset j\u00e4senet valitaan kolmeksi vuodeksi kerrallaan ja varaj\u00e4senet vuodeksi kerrallaan. Hallitus valitsee keskuudestaan varapuheenjohtajan sek\u00e4 ottaa keskuudestaan tai ulkopuoleltaan sihteerin, rahastonhoitajan ja muut tarvittavat toimihenkil\u00f6t. Hallitus kokoontuu puheenjohtajan tai h\u00e4nen estyneen\u00e4 ollessaan varapuheenjohtajan kutsusta, kun he katsovat siihen olevan aihetta tai kun v\u00e4hint\u00e4\u00e4n puolet hallituksen j\u00e4senist\u00e4 sit\u00e4 vaatii. Hallitus on p\u00e4\u00e4t\u00f6svaltainen, kun v\u00e4hint\u00e4\u00e4n kolme sen j\u00e4senist\u00e4, puheenjohtaja tai varapuheenjohtaja mukaanluettuna on l\u00e4sn\u00e4. \u00c4\u00e4nestykset ratkaistaan ehdottomalla \u00e4\u00e4ntenenemmist\u00f6ll\u00e4. \u00c4\u00e4nten menness\u00e4 tasan ratkaisee puheenjohtajan \u00e4\u00e4ni, vaaleissa kuitenkin arpa.<\/p>\n<h4>7. Yhdistyksen nimen kirjoittaminen<\/h4>\n<p>Yhdistyksen nimen kirjoittaa hallituksen puheenjohtaja yksin tai varapuheenjohtaja yhdess\u00e4 sihteerin tai rahastonhoitajan kanssa.<\/p>\n<h4>8. Tilikausi ja toiminnantarkastus<\/h4>\n<p>Yhdistyksen tilikausi on kalenterivuosi. Tilinp\u00e4\u00e4t\u00f6s tarvittavine asiakirjoineen ja hallituksen vuosikertomus on annettava toiminnantarkastajalle viimeist\u00e4\u00e4n kuukautta ennen vuosikokousta. Toiminnantarkastajan tulee antaa kirjallinen lausuntonsa viimeist\u00e4\u00e4n kaksi viikkoa ennen vuosikokousta hallitukselle.<\/p>\n<h4>9. Yhdistyksen kokoukset<\/h4>\n<p>Yhdistyksen vuosikokous pidet\u00e4\u00e4n vuosittain hallituksen m\u00e4\u00e4r\u00e4\u00e4m\u00e4n\u00e4 p\u00e4iv\u00e4n\u00e4 touko- elokuussa. Ylim\u00e4\u00e4r\u00e4inen kokous pidet\u00e4\u00e4n, kun yhdistyksen kokous niin p\u00e4\u00e4tt\u00e4\u00e4 tai kun hallitus katsoo siihen olevan aihetta tai kun v\u00e4hint\u00e4\u00e4n kymmenesosa (1\/10) yhdistyksen \u00e4\u00e4nioikeutetuista j\u00e4senist\u00e4 sit\u00e4 hallitukselta erityisesti ilmoitettua asiaa varten kirjallisesti vaatii. Kokous on pidett\u00e4v\u00e4 kahden kuukauden kuluessa siit\u00e4, kun vaatimus sen pit\u00e4misest\u00e4 on esitetty hallitukselle.<br \/>\nYhdistyksen kokouksissa on jokaisella j\u00e4senell\u00e4 ja kunniaj\u00e4senell\u00e4 yksi \u00e4\u00e4ni.<br \/>\nYhdistyksen kokouksen p\u00e4\u00e4t\u00f6kseksi tulee, ellei s\u00e4\u00e4nn\u00f6iss\u00e4 ole toisin m\u00e4\u00e4r\u00e4tty, se mielipide, jota on kannattanut yli puolet annetuista \u00e4\u00e4nist\u00e4. \u00c4\u00e4nten menness\u00e4 tasan ratkaisee kokouksen puheenjohtajan \u00e4\u00e4ni, vaaleissa kuitenkin arpa.<\/p>\n<h4>10. Yhdistyksen kokousten koollekutsuminen<\/h4>\n<p>Hallituksen on kutsuttava yhdistyksen kokoukset koolle v\u00e4hint\u00e4\u00e4n kuukautta ennen kokousta Suomen Vapaakirkon \u00e4\u00e4nenkannattajassa (nykyisin Suomen Viikkolehti), j\u00e4senille postitetulla kirjeell\u00e4 tai s\u00e4hk\u00f6postitse sek\u00e4 yhdistyksen www-sivuilla.<\/p>\n<h4>11. Vuosikokous<\/h4>\n<p>Yhdistyksen vuosikokouksessa k\u00e4sitell\u00e4\u00e4n seuraavat asiat:<br \/>\n1. kokouksen avaus<br \/>\n2. valitaan kokouksen puheenjohtaja, sihteeri, kaksi p\u00f6yt\u00e4kirjantarkastajaa ja tarvittaessa kaksi \u00e4\u00e4ntenlaskijaa<br \/>\n3. todetaan kokouksen laillisuus ja p\u00e4\u00e4t\u00f6svaltaisuus<br \/>\n4. hyv\u00e4ksyt\u00e4\u00e4n kokouksen ty\u00f6j\u00e4rjestys<br \/>\n5. esitet\u00e4\u00e4n tilinp\u00e4\u00e4t\u00f6s, vuosikertomus ja toiminnantarkastajan lausunto<br \/>\n6. p\u00e4\u00e4tet\u00e4\u00e4n tilinp\u00e4\u00e4t\u00f6ksen vahvistamisesta ja vastuuvapauden my\u00f6nt\u00e4misest\u00e4 hallitukselle ja muille vastuuvelvollisille<br \/>\n7. vahvistetaan toimintasuunnitelma, tulo- ja menoarvio sek\u00e4 j\u00e4senmaksun suuruus<br \/>\n8. valitaan hallituksen j\u00e4senet erovuoroisten tilalle<br \/>\n9. valitaan yksi toiminnantarkastaja ja varatoiminnantarkastaja<br \/>\n10. k\u00e4sitell\u00e4\u00e4n muut kokouskutsussa mainitut asiat.<\/p>\n<p>Mik\u00e4li yhdistyksen j\u00e4sen haluaa saada jonkin asian yhdistyksen vuosikokouksen k\u00e4sitelt\u00e4v\u00e4ksi, on h\u00e4nen ilmoitettava siit\u00e4 kirjallisesti hallitukselle niin hyviss\u00e4 ajoin, ett\u00e4 asia voidaan sis\u00e4llytt\u00e4\u00e4 kokouskutsuun.<\/p>\n<h4>12. S\u00e4\u00e4nt\u00f6jen muuttaminen ja yhdistyksen purkaminen<\/h4>\n<p>P\u00e4\u00e4t\u00f6s s\u00e4\u00e4nt\u00f6jen muuttamisesta ja yhdistyksen purkamisesta on teht\u00e4v\u00e4 yhdistyksen kokouksessa v\u00e4hint\u00e4\u00e4n kolmen nelj\u00e4sosan (3\/4) enemmist\u00f6ll\u00e4 annetuista \u00e4\u00e4nist\u00e4. Kokouskutsussa on mainittava s\u00e4\u00e4nt\u00f6jen muuttamisesta tai yhdistyksen purkamisesta. Yhdistyksen purkautuessa yhdistyksen varat luovutetaan Suomen Vapaakirkolle, joka k\u00e4ytt\u00e4\u00e4 varat tasapuolisesti kotimaanty\u00f6n ja l\u00e4hetysty\u00f6n hyv\u00e4ksi.<\/p>\n<p style=\"text-align: right;\">Patentti- ja rekisterihallitus hyv\u00e4ksynyt s\u00e4\u00e4nn\u00f6t 25.6.2015<\/p>\n","protected":false},"excerpt":{"rendered":"<p>Tienaukaisijat ry:n s\u00e4\u00e4nn\u00f6t Tunnus: \u201dKristuksen rakkaus vaatii meit\u00e4\u201d 2.Kor. 5:14 1. Yhdistyksen nimi ja kotipaikka Yhdistyksen nimi on Tienaukaisijat ry. ja sen kotipaikka on Jyv\u00e4skyl\u00e4n kaupunki. 2. Tarkoitus ja toiminnan laatu Yhdistyksen tarkoituksena on tukea kotimaassa ja l\u00e4hetyskentill\u00e4 olevia ty\u00f6ntekij\u00f6it\u00e4, jotka toimivat Suomen Vapaakirkon tunnustuksen mukaisesti. Tarkoituksensa toteuttamiseksi yhdistys j\u00e4rjest\u00e4\u00e4 kursseja ja opetustilaisuuksia. Toimintansa tukemiseksi [&hellip;]<\/p>\n","protected":false},"author":1,"featured_media":0,"parent":0,"menu_order":4,"comment_status":"closed","ping_status":"closed","template":"","meta":{"jetpack_post_was_ever_published":false,"footnotes":""},"class_list":["post-55","page","type-page","status-publish","hentry"],"jetpack_sharing_enabled":true,"jetpack_shortlink":"https:\/\/wp.me\/P6MyHJ-T","_links":{"self":[{"href":"https:\/\/tienaukaisijat.vapaakirkko.com\/index.php?rest_route=\/wp\/v2\/pages\/55","targetHints":{"allow":["GET"]}}],"collection":[{"href":"https:\/\/tienaukaisijat.vapaakirkko.com\/index.php?rest_route=\/wp\/v2\/pages"}],"about":[{"href":"https:\/\/tienaukaisijat.vapaakirkko.com\/index.php?rest_route=\/wp\/v2\/types\/page"}],"author":[{"embeddable":true,"href":"https:\/\/tienaukaisijat.vapaakirkko.com\/index.php?rest_route=\/wp\/v2\/users\/1"}],"replies":[{"embeddable":true,"href":"https:\/\/tienaukaisijat.vapaakirkko.com\/index.php?rest_route=%2Fwp%2Fv2%2Fcomments&post=55"}],"version-history":[{"count":2,"href":"https:\/\/tienaukaisijat.vapaakirkko.com\/index.php?rest_route=\/wp\/v2\/pages\/55\/revisions"}],"predecessor-version":[{"id":109,"href":"https:\/\/tienaukaisijat.vapaakirkko.com\/index.php?rest_route=\/wp\/v2\/pages\/55\/revisions\/109"}],"wp:attachment":[{"href":"https:\/\/tienaukaisijat.vapaakirkko.com\/index.php?rest_route=%2Fwp%2Fv2%2Fmedia&parent=55"}],"curies":[{"name":"wp","href":"https:\/\/api.w.org\/{rel}","templated":true}]}}